{"id":30,"date":"2020-10-22T14:29:08","date_gmt":"2020-10-22T11:29:08","guid":{"rendered":"https:\/\/havusauna.com\/?page_id=30"},"modified":"2024-05-29T12:13:02","modified_gmt":"2024-05-29T09:13:02","slug":"kayttoohjeet","status":"publish","type":"page","link":"https:\/\/havusauna.com\/en\/kayttoohjeet\/","title":{"rendered":"Instructions"},"content":{"rendered":"<p class=\"\">Updated on July 5, 2022<\/p>\n\n\n\n<p class=\"\">Read the instructions for use before picking up the sauna. The renter is responsible for all damages caused to the sauna.<\/p>\n\n\n\n<h2 class=\"wp-block-heading\" id=\"alkutoimet\">Initial actions<\/h2>\n\n\n\n<ul class=\"wp-block-list\">\n<li class=\"\">Sauna handbrake on<\/li>\n\n\n\n<li class=\"\">Under the hood is a rickshaw that can be found in the sauna.\n<ul class=\"wp-block-list\">\n<li class=\"\">The cam wheel alone can barely withstand the weight of sauna users.<\/li>\n<\/ul>\n<\/li>\n\n\n\n<li class=\"\">Lower and tighten the support legs in the rear corners.\n<ul class=\"wp-block-list\">\n<li class=\"\">Without support legs, two or three people in the dressing room can make the bow of the sauna rise up.<\/li>\n<\/ul>\n<\/li>\n\n\n\n<li class=\"\">Empty the ash tray.\n<ul class=\"wp-block-list\">\n<li class=\"\">Ash is a good fertilizer that can be emptied into the forest, for example.<\/li>\n\n\n\n<li class=\"\">Do not empty into buckets of water.<\/li>\n\n\n\n<li class=\"\">Collect any nails etc. out of the ashes and into a garbage bag.<\/li>\n<\/ul>\n<\/li>\n\n\n\n<li class=\"\">Fill the hot water heater at least 2\/3 full.\n<ul class=\"wp-block-list\">\n<li class=\"\">There must be water in the water heater during the heating of the sauna, otherwise it may burn out or the seal may break.<\/li>\n<\/ul>\n<\/li>\n<\/ul>\n\n\n\n<p class=\"\"><\/p>\n\n\n\n<h2 class=\"wp-block-heading\" id=\"kiukaan-kaytto\">Use of the stove<\/h2>\n\n\n\n<ul class=\"wp-block-list\">\n<li class=\"\">No painted wood, treated wood, plywood, glulam, etc.<\/li>\n\n\n\n<li class=\"\">Keep the glass door of the stove closed when there is a fire in the stove.\n<ul class=\"wp-block-list\">\n<li class=\"\">The maximum length of the flaps is about 30cm.<\/li>\n\n\n\n<li class=\"\">Use the air hatch under the stove for oxygen intake by opening it approx <strong>2-4 cm<\/strong><\/li>\n<\/ul>\n<\/li>\n\n\n\n<li class=\"\">With small trees (approx. 2-5 cm diameter), the sauna is ready for use <strong>in half an hour <\/strong>in summer\/autumn and no more than an hour later in severe frosts.<\/li>\n\n\n\n<li class=\"\">Tip: You get the best steams when the stove burns continuously 2-4 times at a time.<\/li>\n\n\n\n<li class=\"\">Do not burn paper products in the stove, it causes soot in the chimney.<\/li>\n<\/ul>\n\n\n\n<p class=\"\"><\/p>\n\n\n\n<h2 class=\"wp-block-heading\" id=\"saunomisen-aikana\">During sauna<\/h2>\n\n\n\n<ul class=\"wp-block-list\">\n<li class=\"\">Use tablecloths<\/li>\n\n\n\n<li class=\"\">The intermediate door of the sauna has a latch that is only used on the sauna side. Ask the person in the sauna to open the intermediate door.<\/li>\n\n\n\n<li class=\"\">The mosquito curtain on the front door can be opened or closed calmly by pulling it to the side as high as possible.<\/li>\n\n\n\n<li class=\"\">You can wash in the sauna room and the water is allowed to go on the floor. Around the edge of the sauna floor is a 0.5 cm wide inlet air\/exhaust water gap, from which the water drains away.\n<ul class=\"wp-block-list\">\n<li class=\"\">However, remember to dry the sauna after cleaning<\/li>\n<\/ul>\n<\/li>\n\n\n\n<li class=\"\">You only use biodegradable shampoo\/detergent when washing in the sauna.<\/li>\n<\/ul>\n\n\n\n<p class=\"\"><\/p>\n\n\n\n<h2 class=\"wp-block-heading\" id=\"jalkisiivous\">After-cleaning<\/h2>\n\n\n\n<p class=\"\"><strong>IMPORTANT!! Put at least one more full nest of small trees to burn<\/strong>, so that the sauna dries and does not mold.<\/p>\n\n\n\n<ul class=\"wp-block-list\">\n<li class=\"\">Everything that is on the floor and wet should be lifted onto the boards or out of the sauna while it dries.\n<ul class=\"wp-block-list\">\n<li class=\"\">Place the dressing room carpet on the upper shelves to dry<\/li>\n\n\n\n<li class=\"\">Empty the buckets, and put them on the rafts.<\/li>\n\n\n\n<li class=\"\">Extra firewood can be left in the sauna. Put them on the upper shelves while drying.<\/li>\n<\/ul>\n<\/li>\n\n\n\n<li class=\"\">Remove trash and personal belongings from the sauna.<\/li>\n\n\n\n<li class=\"\">Support the intermediate door of the sauna <strong>in half<\/strong>&nbsp;open e.g. with a chair. In this case, the dressing room can also dry out.<\/li>\n\n\n\n<li class=\"\"><strong>Close the exterior doors completely during drying so that the heat does not escape.<\/strong><\/li>\n\n\n\n<li class=\"\">Do not empty the ash door when it is hot. Leave the ashes where they are.<\/li>\n<\/ul>\n\n\n\n<p class=\"\"><\/p>\n\n\n\n<h2 class=\"wp-block-heading\" id=\"ennen-lahtoa\">Before leaving<\/h2>\n\n\n\n<p class=\"\"><strong>After adding the last pieces of firewood, wait about an hour until the fire burns down to ashes and the floor is dry before driving.<\/strong><\/p>\n\n\n\n<ul class=\"wp-block-list\">\n<li class=\"\"><strong>Empty the water tank with a bucket&nbsp;<\/strong>so that water remains&nbsp;<strong>1\/4 or less<\/strong>. Empty the buckets of water out onto the ground.<\/li>\n\n\n\n<li class=\"\">Sweep the floor out through the door.<\/li>\n\n\n\n<li class=\"\">All things on the floor, chairs on top of each other and upside down<\/li>\n<\/ul>\n\n\n\n<p class=\"\">Prepare the sauna trailer for driving:<\/p>\n\n\n\n<ul class=\"wp-block-list\">\n<li class=\"\">Raise the back supports of the sauna and get on the front support<\/li>\n\n\n\n<li class=\"\">When the sauna is correctly connected to the car, check the operation of the lights<\/li>\n\n\n\n<li class=\"\">Sauna handbrake off<\/li>\n\n\n\n<li class=\"\">If you reverse, switch on the kit protection from the sauna handle and lock it in place with a metal pin.\n<ul class=\"wp-block-list\">\n<li class=\"\">If you don&#039;t know how to use a pack protector, don&#039;t pack the sauna.&nbsp;<\/li>\n\n\n\n<li class=\"\">After canceling, REMEMBER TO REMOVE THE TRUNK COVER, otherwise the sauna brakes will not work.<\/li>\n<\/ul>\n<\/li>\n\n\n\n<li class=\"\">Enjoy the ride! Max 80km\/h.<\/li>\n<\/ul>\n\n\n\n<h2 class=\"wp-block-heading\" id=\"palautus\">Return<\/h2>\n\n\n\n<p class=\"\">Take the sauna back to its place.<\/p>\n\n\n\n<p class=\"\">Tip: You can move the sauna the last few meters by hand quite easily, at least on flat ground.<\/p>\n\n\n\n<p class=\"\">If you leave the sauna in the penalty zone, you are responsible for parking fines.<\/p>\n\n\n\n<p class=\"\"><strong>When you have taken the sauna back to its place, take at least 1 photo of the inside and 1 photo of the outside and send it by email to hei@havusauna.com.<\/strong><\/p>\n\n\n\n<p class=\"\"><span style=\"font-family: inherit; font-size: inherit; font-weight: inherit;\">Also tell me if you have noticed any problems in the sauna or if something has broken.&nbsp;<\/span><\/p>\n\n\n\n<div style=\"height:100px\" aria-hidden=\"true\" class=\"wp-block-spacer\"><\/div>","protected":false},"excerpt":{"rendered":"<p>P\u00e4ivitetty 5.7.2022 Lue k\u00e4ytt\u00f6ohjeet ennen kuin noudat saunan. Vuokraaja on vastuussa kaikista saunalle aiheutuneista vaurioista. Alkutoimet Kiukaan k\u00e4ytt\u00f6 Saunomisen aikana J\u00e4lkisiivous T\u00c4RKE\u00c4\u00c4!! Laita viel\u00e4 v\u00e4hint\u00e4\u00e4n yksi t\u00e4ysi pes\u00e4llinen pienehk\u00f6j\u00e4 puita palaamaan, jotta sauna kuivuu eik\u00e4 homehdu. Ennen l\u00e4ht\u00f6\u00e4 Odota noin tunti viimeisten polttopuiden lis\u00e4\u00e4misen j\u00e4lkeen, kunnes tuli palaa tuhkaksi ja lattia on kuivunut, ennen kuin [&hellip;]<\/p>\n","protected":false},"author":1,"featured_media":261,"parent":0,"menu_order":0,"comment_status":"closed","ping_status":"closed","template":"","meta":{"_et_pb_use_builder":"off","_et_pb_old_content":"<!-- wp:paragraph -->\n<p>P\u00e4ivitetty 5.7.2022<\/p>\n<!-- \/wp:paragraph -->\n\n<!-- wp:paragraph -->\n<p>Lue k\u00e4ytt\u00f6ohjeet ennen kuin noudat saunan. Vuokraaja on vastuussa kaikista saunalle aiheutuneista vaurioista.<\/p>\n<!-- \/wp:paragraph -->\n\n<!-- wp:heading -->\n<h2 id=\"alkutoimet\">Alkutoimet<\/h2>\n<!-- \/wp:heading -->\n\n<!-- wp:list -->\n<ul><!-- wp:list-item -->\n<li>Saunan k\u00e4sijarru p\u00e4\u00e4lle<\/li>\n<!-- \/wp:list-item -->\n\n<!-- wp:list-item -->\n<li>Aisan alle pukki joka l\u00f6ytyy saunasta.<!-- wp:list -->\n<ul><!-- wp:list-item -->\n<li>Pelkk\u00e4 nokkapy\u00f6r\u00e4 kest\u00e4\u00e4 heikosti saunojien painon.<\/li>\n<!-- \/wp:list-item --><\/ul>\n<!-- \/wp:list --><\/li>\n<!-- \/wp:list-item -->\n\n<!-- wp:list-item -->\n<li>Laske ja kirist\u00e4 takakulmissa olevat tukijalat.<!-- wp:list -->\n<ul><!-- wp:list-item -->\n<li>Ilman tukijalkoja kaksi-kolme henke\u00e4 pukuhuoneessa saa saunan keulan nousemaan yl\u00f6s.<\/li>\n<!-- \/wp:list-item --><\/ul>\n<!-- \/wp:list --><\/li>\n<!-- \/wp:list-item -->\n\n<!-- wp:list-item -->\n<li>Tyhjenn\u00e4 tuhkaluukku.<!-- wp:list -->\n<ul><!-- wp:list-item -->\n<li>Tuhka on hyv\u00e4 lannoite, jonka voi tyhjent\u00e4\u00e4 vaikka mets\u00e4\u00e4n.<\/li>\n<!-- \/wp:list-item -->\n\n<!-- wp:list-item -->\n<li>\u00c4l\u00e4 tyhjenn\u00e4 vesi\u00e4mp\u00e4reihin.<\/li>\n<!-- \/wp:list-item -->\n\n<!-- wp:list-item -->\n<li>Ker\u00e4\u00e4 mahdolliset naulat yms. pois tuhkan seasta roskapussiin.<\/li>\n<!-- \/wp:list-item --><\/ul>\n<!-- \/wp:list --><\/li>\n<!-- \/wp:list-item -->\n\n<!-- wp:list-item -->\n<li>T\u00e4yt\u00e4 l\u00e4mminvesivaraaja v\u00e4hint\u00e4\u00e4n 2\/3 t\u00e4yteen.<!-- wp:list -->\n<ul><!-- wp:list-item -->\n<li>Vesivaraajassa on oltava vett\u00e4 saunan l\u00e4mmityksen aikana, muuten se voi palaa puhki tai tiiviste voi menn\u00e4 rikki.<\/li>\n<!-- \/wp:list-item --><\/ul>\n<!-- \/wp:list --><\/li>\n<!-- \/wp:list-item --><\/ul>\n<!-- \/wp:list -->\n\n<!-- wp:paragraph -->\n<p> <\/p>\n<!-- \/wp:paragraph -->\n\n<!-- wp:heading -->\n<h2 id=\"kiukaan-kaytto\">Kiukaan k\u00e4ytt\u00f6<\/h2>\n<!-- \/wp:heading -->\n\n<!-- wp:list -->\n<ul><!-- wp:list-item -->\n<li>Ei maalattua puuta, k\u00e4sitelty\u00e4 puuta, vaneria, liimapuuta, jne.<\/li>\n<!-- \/wp:list-item -->\n\n<!-- wp:list-item -->\n<li>Pid\u00e4 kiukaan lasiovi kiinni, kun kiukaassa on tuli.<!-- wp:list -->\n<ul><!-- wp:list-item -->\n<li>Klapien maksimi pituus on noin 30cm.<\/li>\n<!-- \/wp:list-item -->\n\n<!-- wp:list-item -->\n<li>K\u00e4yt\u00e4 hapenottoon kiukaan alla olevaa ilmaluukkua avaamalla sit\u00e4 noin <strong>2-4 cm<\/strong><\/li>\n<!-- \/wp:list-item --><\/ul>\n<!-- \/wp:list --><\/li>\n<!-- \/wp:list-item -->\n\n<!-- wp:list-item -->\n<li>Pienill\u00e4 puilla (n. 2-5cm halkaisija), sauna on k\u00e4ytt\u00f6valmis <strong>puolen tunnin p\u00e4\u00e4st\u00e4 <\/strong>kes\u00e4ll\u00e4\/syksyll\u00e4 ja enint\u00e4\u00e4n tunnin p\u00e4\u00e4st\u00e4 kovilla pakkasilla.<\/li>\n<!-- \/wp:list-item -->\n\n<!-- wp:list-item -->\n<li>Vinkki: Parhaat l\u00f6ylyt saa kun kiukaassa palaa jatkuvasti 2-4 klapia kerrallaan.<\/li>\n<!-- \/wp:list-item -->\n\n<!-- wp:list-item -->\n<li>\u00c4l\u00e4 polta paperituotteita kiukaassa, se aiheuttaa nokea savupiippuun.<\/li>\n<!-- \/wp:list-item --><\/ul>\n<!-- \/wp:list -->\n\n<!-- wp:paragraph -->\n<p> <\/p>\n<!-- \/wp:paragraph -->\n\n<!-- wp:heading -->\n<h2 id=\"saunomisen-aikana\">Saunomisen aikana<\/h2>\n<!-- \/wp:heading -->\n\n<!-- wp:list -->\n<ul><!-- wp:list-item -->\n<li>K\u00e4yt\u00e4 laudeliinoja<\/li>\n<!-- \/wp:list-item -->\n\n<!-- wp:list-item -->\n<li>Saunan v\u00e4liovessa on salpa, jota k\u00e4ytet\u00e4\u00e4n vain saunan puolella. Pyyd\u00e4 saunassa olijaa avaamaan v\u00e4liovi.<\/li>\n<!-- \/wp:list-item -->\n\n<!-- wp:list-item -->\n<li>Ulko-ovella olevan hyttysverhon saa auki tai kiinni rauhallisesti kiskomalla sivuun mahdollisimman korkealta.<\/li>\n<!-- \/wp:list-item -->\n\n<!-- wp:list-item -->\n<li>Saunahuoneessa voi peseyty\u00e4 ja vett\u00e4 saa menn\u00e4 lattialle. Saunan lattian reunustaa kiert\u00e4\u00e4 0,5cm levyinen tuloilma\/poistovesi rako, josta vesi valuu pois.<!-- wp:list -->\n<ul><!-- wp:list-item -->\n<li>Muista kuitenkin kuivata sauna j\u00e4lkisiivouksen yhteydess\u00e4<\/li>\n<!-- \/wp:list-item --><\/ul>\n<!-- \/wp:list --><\/li>\n<!-- \/wp:list-item -->\n\n<!-- wp:list-item -->\n<li>K\u00e4yt\u00e4tteh\u00e4n vain biohajoavaa shampoota\/pesuainetta peseytyess\u00e4nne saunassa.<\/li>\n<!-- \/wp:list-item --><\/ul>\n<!-- \/wp:list -->\n\n<!-- wp:paragraph -->\n<p> <\/p>\n<!-- \/wp:paragraph -->\n\n<!-- wp:heading -->\n<h2 id=\"jalkisiivous\">J\u00e4lkisiivous<\/h2>\n<!-- \/wp:heading -->\n\n<!-- wp:paragraph -->\n<p><strong>T\u00c4RKE\u00c4\u00c4!! Laita viel\u00e4 v\u00e4hint\u00e4\u00e4n yksi t\u00e4ysi pes\u00e4llinen pienehk\u00f6j\u00e4 puita palaamaan<\/strong>, jotta sauna kuivuu eik\u00e4 homehdu.<\/p>\n<!-- \/wp:paragraph -->\n\n<!-- wp:list -->\n<ul><!-- wp:list-item -->\n<li>Kaikki mit\u00e4 on lattialla ja m\u00e4rk\u00e4\u00e4, tulee nostaa lauteille tai pois saunasta kuivumisen ajaksi.<!-- wp:list -->\n<ul><!-- wp:list-item -->\n<li>Laita pukuhuoneen matto yl\u00e4lauteille kuivumaan<\/li>\n<!-- \/wp:list-item -->\n\n<!-- wp:list-item -->\n<li>Tyhjenn\u00e4 \u00e4mp\u00e4rit, ja laita lauteille.<\/li>\n<!-- \/wp:list-item -->\n\n<!-- wp:list-item -->\n<li>Ylim\u00e4\u00e4r\u00e4iset polttopuut saa j\u00e4tt\u00e4\u00e4 saunaan. Laita ne yl\u00e4lauteille kuivattamisen ajaksi.<\/li>\n<!-- \/wp:list-item --><\/ul>\n<!-- \/wp:list --><\/li>\n<!-- \/wp:list-item -->\n\n<!-- wp:list-item -->\n<li>Poista roskat ja omat tavarat saunasta.<\/li>\n<!-- \/wp:list-item -->\n\n<!-- wp:list-item -->\n<li>Tue saunan v\u00e4liovi <strong>puoliksi<\/strong>&nbsp;auki esim. tuolilla. T\u00e4ll\u00f6in my\u00f6s pukuhuone p\u00e4\u00e4see kuivumaan.<\/li>\n<!-- \/wp:list-item -->\n\n<!-- wp:list-item -->\n<li><strong>Laita ulko-ovet kokonaan kiinni kuivattamisen ajaksi, jotta l\u00e4mp\u00f6 ei karkaa.<\/strong><\/li>\n<!-- \/wp:list-item -->\n\n<!-- wp:list-item -->\n<li>\u00c4l\u00e4 tyhjenn\u00e4 tuhkaluukkua silloin kun on kuumana. J\u00e4t\u00e4 tuhkat paikalleen.<\/li>\n<!-- \/wp:list-item --><\/ul>\n<!-- \/wp:list -->\n\n<!-- wp:paragraph -->\n<p> <\/p>\n<!-- \/wp:paragraph -->\n\n<!-- wp:heading -->\n<h2 id=\"ennen-lahtoa\">Ennen l\u00e4ht\u00f6\u00e4<\/h2>\n<!-- \/wp:heading -->\n\n<!-- wp:paragraph -->\n<p><strong>Odota noin tunti viimeisten polttopuiden lis\u00e4\u00e4misen j\u00e4lkeen, kunnes tuli palaa tuhkaksi ja lattia on kuivunut, ennen kuin l\u00e4hdet ajamaan.<\/strong><\/p>\n<!-- \/wp:paragraph -->\n\n<!-- wp:list -->\n<ul><!-- wp:list-item -->\n<li><strong>Tyhjenn\u00e4 vesis\u00e4ili\u00f6 \u00e4mp\u00e4rill\u00e4&nbsp;<\/strong>niin ett\u00e4 vett\u00e4 j\u00e4\u00e4&nbsp;<strong>1\/4 tai v\u00e4hemm\u00e4n<\/strong>. Tyhjenn\u00e4 vesi\u00e4mp\u00e4rit ulos maahan.<\/li>\n<!-- \/wp:list-item -->\n\n<!-- wp:list-item -->\n<li>Lakaise lattia oven kautta ulos.<\/li>\n<!-- \/wp:list-item -->\n\n<!-- wp:list-item -->\n<li>Kaikki tavarat lattialle, tuolit p\u00e4\u00e4llekk\u00e4in ja nurin<\/li>\n<!-- \/wp:list-item --><\/ul>\n<!-- \/wp:list -->\n\n<!-- wp:paragraph -->\n<p>Valmista saunaper\u00e4k\u00e4rry ajoa varten:<\/p>\n<!-- \/wp:paragraph -->\n\n<!-- wp:list -->\n<ul><!-- wp:list-item -->\n<li>Saunan takatuet yl\u00f6s ja etutuki kyytiin<\/li>\n<!-- \/wp:list-item -->\n\n<!-- wp:list-item -->\n<li>Sauna oikein kytkettyn\u00e4 autoon, tarkista valojen toiminta<\/li>\n<!-- \/wp:list-item -->\n\n<!-- wp:list-item -->\n<li>Saunan k\u00e4sijarru pois p\u00e4\u00e4lt\u00e4<\/li>\n<!-- \/wp:list-item -->\n\n<!-- wp:list-item -->\n<li>Jos peruutat, kytke pakkisuoja p\u00e4\u00e4lle saunan aisasta ja lukitse se paikoilleen metallitapilla.<!-- wp:list -->\n<ul><!-- wp:list-item -->\n<li>Jos et osaa k\u00e4ytt\u00e4\u00e4 pakkisuojaa, \u00e4l\u00e4 pakita saunaa.&nbsp;<\/li>\n<!-- \/wp:list-item -->\n\n<!-- wp:list-item -->\n<li>Peruuttamisen j\u00e4lkeen MUISTA OTTAA PAKKISUOJA POIS, tai muuten saunan jarrut eiv\u00e4t toimi.<\/li>\n<!-- \/wp:list-item --><\/ul>\n<!-- \/wp:list --><\/li>\n<!-- \/wp:list-item -->\n\n<!-- wp:list-item -->\n<li>Nauti ajosta! Max 80kmh.<\/li>\n<!-- \/wp:list-item --><\/ul>\n<!-- \/wp:list -->\n\n<!-- wp:heading -->\n<h2 id=\"palautus\">Palautus<\/h2>\n<!-- \/wp:heading -->\n\n<!-- wp:paragraph -->\n<p>Vie sauna takaisin paikalleen.<\/p>\n<!-- \/wp:paragraph -->\n\n<!-- wp:paragraph -->\n<p>Vinkki: Saunan saa siirretty\u00e4 k\u00e4sin viimeiset metrit melko helposti, ainakin tasaisella maalla.<\/p>\n<!-- \/wp:paragraph -->\n\n<!-- wp:paragraph -->\n<p>Jos j\u00e4t\u00e4t saunan sakkoalueelle, olet vastuussa parkkisakoista.<\/p>\n<!-- \/wp:paragraph -->\n\n<!-- wp:paragraph -->\n<p><strong>Kun olet vienyt saunan takaisin paikalleen, ota v\u00e4hint\u00e4\u00e4n 1 kuva sis\u00e4lt\u00e4 ja 1 kuva ulkoa ja l\u00e4het\u00e4 s\u00e4hk\u00f6postilla osoitteeseen hei@havusauna.com.<\/strong><\/p>\n<!-- \/wp:paragraph -->\n\n<!-- wp:paragraph -->\n<p><span style=\"font-family: inherit; font-size: inherit; font-weight: inherit;\">Kerro my\u00f6s jos olet havainnut vikoja saunassa tai jos jotain on mennyt rikki.&nbsp;<\/span><\/p>\n<!-- \/wp:paragraph -->\n\n<!-- wp:spacer -->\n<div style=\"height:100px\" aria-hidden=\"true\" class=\"wp-block-spacer\"><\/div>\n<!-- \/wp:spacer -->","_et_gb_content_width":"1080","footnotes":""},"class_list":["post-30","page","type-page","status-publish","has-post-thumbnail","hentry"],"_links":{"self":[{"href":"https:\/\/havusauna.com\/en\/wp-json\/wp\/v2\/pages\/30","targetHints":{"allow":["GET"]}}],"collection":[{"href":"https:\/\/havusauna.com\/en\/wp-json\/wp\/v2\/pages"}],"about":[{"href":"https:\/\/havusauna.com\/en\/wp-json\/wp\/v2\/types\/page"}],"author":[{"embeddable":true,"href":"https:\/\/havusauna.com\/en\/wp-json\/wp\/v2\/users\/1"}],"replies":[{"embeddable":true,"href":"https:\/\/havusauna.com\/en\/wp-json\/wp\/v2\/comments?post=30"}],"version-history":[{"count":5,"href":"https:\/\/havusauna.com\/en\/wp-json\/wp\/v2\/pages\/30\/revisions"}],"predecessor-version":[{"id":1142,"href":"https:\/\/havusauna.com\/en\/wp-json\/wp\/v2\/pages\/30\/revisions\/1142"}],"wp:featuredmedia":[{"embeddable":true,"href":"https:\/\/havusauna.com\/en\/wp-json\/wp\/v2\/media\/261"}],"wp:attachment":[{"href":"https:\/\/havusauna.com\/en\/wp-json\/wp\/v2\/media?parent=30"}],"curies":[{"name":"wp","href":"https:\/\/api.w.org\/{rel}","templated":true}]}}