{"id":412,"date":"2021-06-28T21:56:07","date_gmt":"2021-06-28T18:56:07","guid":{"rendered":"https:\/\/havusauna.com\/?page_id=412"},"modified":"2024-03-20T23:28:32","modified_gmt":"2024-03-20T21:28:32","slug":"minne-saunomaan-oulu","status":"publish","type":"page","link":"https:\/\/havusauna.com\/en\/minne-saunomaan-oulu\/","title":{"rendered":"Where to take a trailer sauna in Oulu"},"content":{"rendered":"<p>[et_pb_section fb_built=&#8221;1&#8243; _builder_version=&#8221;4.9.4&#8243; _module_preset=&#8221;default&#8221; custom_padding=&#8221;||26px|||&#8221;][et_pb_row _builder_version=&#8221;4.9.4&#8243; _module_preset=&#8221;default&#8221; min_height=&#8221;216.9px&#8221; hover_enabled=&#8221;0&#8243; max_width=&#8221;800px&#8221; sticky_enabled=&#8221;0&#8243;][et_pb_column type=&#8221;4_4&#8243; _builder_version=&#8221;4.9.4&#8243; _module_preset=&#8221;default&#8221;][et_pb_post_title meta=&#8221;off&#8221; featured_image=&#8221;off&#8221; _builder_version=&#8221;4.9.4&#8243; _module_preset=&#8221;default&#8221; hover_enabled=&#8221;0&#8243; sticky_enabled=&#8221;0&#8243;][\/et_pb_post_title][et_pb_text _builder_version=&#8221;4.9.4&#8243; _module_preset=&#8221;default&#8221;]Saunavaunun valtti on ett\u00e4 voit saunoa vaikka omassa kotipihassa taikka meren \u00e4\u00e4rell\u00e4 samassa ihanassa saunassa. Oulun alueella on kilometrikaupalla hiekkarantoja, vaikka moni ei ole siit\u00e4 tietoinen, ja parhaan paikan l\u00f6yt\u00e4minen voi olla harrastuksena itsest\u00e4\u00e4n. T\u00e4lt\u00e4 sivulta l\u00f6yd\u00e4t muutama paikkaehdotusta Oulun alueella \u2014 kaikki vesist\u00f6n \u00e4\u00e4rell\u00e4.<\/p>\n<p>Huom: Jos aiot k\u00e4yd\u00e4 jossain alla mainituista paikoista, kannattanee k\u00e4yd\u00e4 etuk\u00e4teen kartoittamassa paikka ennen kuin viet per\u00e4k\u00e4rrysaunan sinne. N\u00e4in sinulla on mahdollisuus varmistaa, ett\u00e4 paikka on itselle mieluisaa sek\u00e4 ylip\u00e4\u00e4t\u00e4\u00e4n mahdollista k\u00e4ytt\u00e4\u00e4. Aina on mahdollista ett\u00e4 jokin alue suljetaan tai tapahtumaa suunnitellaan sinne tms. Emme voi pysy\u00e4 ajan tasalla jokaisen paikan nykyhetken tilanteesta. K\u00e4yt siis jossain n\u00e4ist\u00e4 ehdotetuista paikoista t\u00e4ysin omalla vastuulla.[\/et_pb_text][\/et_pb_column][\/et_pb_row][et_pb_row _builder_version=&#8221;4.9.4&#8243; _module_preset=&#8221;default&#8221; width=&#8221;100%&#8221;][et_pb_column type=&#8221;4_4&#8243; _builder_version=&#8221;4.9.4&#8243; _module_preset=&#8221;default&#8221;][et_pb_code _builder_version=&#8221;4.9.4&#8243; _module_preset=&#8221;default&#8221; hover_enabled=&#8221;0&#8243; sticky_enabled=&#8221;0&#8243;]<iframe loading=\"lazy\" src=\"https:\/\/www.google.com\/maps\/d\/embed?mid=1GSMVum5WsXmlPLa9dOVFkNNl_TDbzaPX&#038;ehbc=2E312F\" width=\"100%\" height=\"600\"><\/iframe>[\/et_pb_code][\/et_pb_column][\/et_pb_row][et_pb_row _builder_version=&#8221;4.9.4&#8243; _module_preset=&#8221;default&#8221;][et_pb_column _builder_version=&#8221;4.9.4&#8243; _module_preset=&#8221;default&#8221; type=&#8221;4_4&#8243;][et_pb_text _builder_version=&#8221;4.9.4&#8243; _module_preset=&#8221;default&#8221; hover_enabled=&#8221;0&#8243; sticky_enabled=&#8221;0&#8243;]<\/p>\n<h3>Vihiluoto, Oulunsalo<\/h3>\n<p>T\u00e4nne p\u00e4\u00e4see helposti saunan kanssa ja pieni, matala hiekkapohjainen uimaranta l\u00f6ytyy sek\u00e4 pienvenesatama.<\/p>\n<h3>Varjakan uimaranta, Oulunsalo<\/h3>\n<p>T\u00e4nne on helppo p\u00e4\u00e4st\u00e4. Grillit sek\u00e4 uimalaituri l\u00f6ytyy lyhyen k\u00e4velymatkan p\u00e4\u00e4st\u00e4 parkkialuelta (ei saa vied\u00e4 sauna uimalaiturille asti).<\/p>\n<h3>Pitk\u00e4nm\u00f6lj\u00e4ntien p\u00e4\u00e4ty, Toppilansaari<\/h3>\n<p>Helppo paikka jossa alkaa olla luontoa enemm\u00e4n. Pit\u00e4\u00e4 k\u00e4vell\u00e4 pitk\u00e4nm\u00f6lj\u00e4n rantaan jos haluaa uimaan; jokiranta on vaarallinen kivit\u00f6rm\u00e4. Merenranta on hiekkapohjainen ja todella matala. K\u00e4\u00e4nt\u00f6paikka, parkeeraa laidalla asfaltille (ei saa parkkeerata nurmikolle). Ei aikarajoitusta. Ei tarvitse peruuttaa.\u00a0<\/p>\n<h3>Martinhovin ranta, Haukipudas<\/h3>\n<p>Kysy lis\u00e4tietoja. Ei virallinen puistoalue, mutta saunan saa hyvin l\u00e4helle rantaa. Kalalaituri l\u00e4hell\u00e4 joka on kaupallisessa k\u00e4yt\u00f6ss\u00e4. T\u00e4m\u00e4 ei ole huollettu uimaranta eik\u00e4 ole esim vessoja.<\/p>\n<h3>Villenniemi, Haukipudas<\/h3>\n<p>Pieni paikka jossa uimalaituri (matala hiekkapohjainen lahti), grillikatos, piknikp\u00f6yt\u00e4, ja mets\u00e4ss\u00e4 polku l\u00e4htee pohjoiseen niemennokkaan. Ei tarvitse peruuttaa, voi ajaa ympyr\u00e4\u00e4. Rauhallinen vaikka puistorakennukset ei ihan parhaassa kunnossa. Herukkaa ja vadelmaa mets\u00e4ss\u00e4.<\/p>\n<h3>P\u00f6ll\u00e4, Hailuoto<\/h3>\n<p>Kaunis luonnonsuojelualue joka j\u00e4\u00e4 mieleen hienona kokemuksena. Parkkialue m\u00f6ykkyinen mutta ranta on ihana ja vesi on kes\u00e4ll\u00e4 l\u00e4mmin. T\u00e4\u00e4ll\u00e4 voi uida syv\u00e4ss\u00e4 lahdessa tai matalissa merivesiss\u00e4. K\u00e4velymatka saunasta uimaan, ei saa saunaa ihan rantaan.<\/p>\n<p>[\/et_pb_text][\/et_pb_column][\/et_pb_row][\/et_pb_section]<\/p>\n","protected":false},"excerpt":{"rendered":"<p>Saunavaunun valtti on ett\u00e4 voit saunoa vaikka omassa kotipihassa taikka meren \u00e4\u00e4rell\u00e4 samassa ihanassa saunassa. Oulun alueella on kilometrikaupalla hiekkarantoja, vaikka moni ei ole siit\u00e4 tietoinen, ja parhaan paikan l\u00f6yt\u00e4minen voi olla harrastuksena itsest\u00e4\u00e4n. T\u00e4lt\u00e4 sivulta l\u00f6yd\u00e4t muutama paikkaehdotusta Oulun alueella \u2014 kaikki vesist\u00f6n \u00e4\u00e4rell\u00e4. Huom: Jos aiot k\u00e4yd\u00e4 jossain alla mainituista paikoista, kannattanee k\u00e4yd\u00e4 [&hellip;]<\/p>\n","protected":false},"author":1,"featured_media":0,"parent":0,"menu_order":0,"comment_status":"closed","ping_status":"closed","template":"","meta":{"_et_pb_use_builder":"on","_et_pb_old_content":"","_et_gb_content_width":"","footnotes":""},"class_list":["post-412","page","type-page","status-publish","hentry"],"_links":{"self":[{"href":"https:\/\/havusauna.com\/en\/wp-json\/wp\/v2\/pages\/412","targetHints":{"allow":["GET"]}}],"collection":[{"href":"https:\/\/havusauna.com\/en\/wp-json\/wp\/v2\/pages"}],"about":[{"href":"https:\/\/havusauna.com\/en\/wp-json\/wp\/v2\/types\/page"}],"author":[{"embeddable":true,"href":"https:\/\/havusauna.com\/en\/wp-json\/wp\/v2\/users\/1"}],"replies":[{"embeddable":true,"href":"https:\/\/havusauna.com\/en\/wp-json\/wp\/v2\/comments?post=412"}],"version-history":[{"count":4,"href":"https:\/\/havusauna.com\/en\/wp-json\/wp\/v2\/pages\/412\/revisions"}],"predecessor-version":[{"id":1102,"href":"https:\/\/havusauna.com\/en\/wp-json\/wp\/v2\/pages\/412\/revisions\/1102"}],"wp:attachment":[{"href":"https:\/\/havusauna.com\/en\/wp-json\/wp\/v2\/media?parent=412"}],"curies":[{"name":"wp","href":"https:\/\/api.w.org\/{rel}","templated":true}]}}