{"id":795,"date":"2023-06-21T22:41:51","date_gmt":"2023-06-21T19:41:51","guid":{"rendered":"https:\/\/havusauna.com\/?page_id=795"},"modified":"2023-06-21T22:54:50","modified_gmt":"2023-06-21T19:54:50","slug":"nettivuokraus-com-suljetaan","status":"publish","type":"page","link":"https:\/\/havusauna.com\/en\/nettivuokraus-com-suljetaan\/","title":{"rendered":"Nettivukroos.com is closed"},"content":{"rendered":"<figure class=\"wp-block-image size-large\"><img loading=\"lazy\" decoding=\"async\" width=\"1024\" height=\"335\" src=\"https:\/\/havusauna.com\/wp-content\/uploads\/2023\/06\/vuokrattavat-kohteet-nettivuokrauksessa-2023-06-21-1024x335.jpg\" alt=\"Vuokrattavat kohteet sivustolla Nettivuokraus.com kes\u00e4kuussa 2023.\" class=\"wp-image-801\" srcset=\"https:\/\/havusauna.com\/wp-content\/uploads\/2023\/06\/vuokrattavat-kohteet-nettivuokrauksessa-2023-06-21-980x320.jpg 980w, https:\/\/havusauna.com\/wp-content\/uploads\/2023\/06\/vuokrattavat-kohteet-nettivuokrauksessa-2023-06-21-480x157.jpg 480w\" sizes=\"(min-width: 0px) and (max-width: 480px) 480px, (min-width: 481px) and (max-width: 980px) 980px, (min-width: 981px) 1024px, 100vw\" \/><figcaption class=\"wp-element-caption\">Examples of properties for rent on the site Nettivukroos.com before it closes.<\/figcaption><\/figure>\n\n\n\n<p>Nettivoukroos.com, a popular peer-to-peer rental service for Finns, will be closed to new rentals on June 26, 2023. The service rents, among other things, boat trailers, paljas, mobile homes and caravan cabins.<\/p>\n\n\n\n<p>Alma Media, which owns the service, has not said why the site is being closed. Earlier in the spring, they had said that Nettivukroos would be closed by the beginning of June, but the maintenance of the service continued and the new Closing date is Monday, June 26, 2023. <\/p>\n\n\n\n<p>Alma Media has said that after this the lessors will still be able to manage the already agreed rentals normally and all accounts will still be completed. <\/p>\n\n\n\n<p>However, making new rental announcements or agreeing new rentals is no longer possible in the service.<\/p>\n\n\n\n<div style=\"height:50px\" aria-hidden=\"true\" class=\"wp-block-spacer\"><\/div>\n\n\n\n<h2 class=\"wp-block-heading\">Where can you rent a trailer sauna?<\/h2>\n\n\n\n<figure class=\"wp-block-image size-large\"><a href=\"https:\/\/havusauna.com\/en\/product\/havusaunan-vuokraus\/\"><img loading=\"lazy\" decoding=\"async\" width=\"1024\" height=\"286\" src=\"https:\/\/havusauna.com\/wp-content\/uploads\/2023\/06\/varauskalenteri-1024x286.jpg\" alt=\"Helppo varauskalenteri\" class=\"wp-image-803\" srcset=\"https:\/\/havusauna.com\/wp-content\/uploads\/2023\/06\/varauskalenteri-980x273.jpg 980w, https:\/\/havusauna.com\/wp-content\/uploads\/2023\/06\/varauskalenteri-480x134.jpg 480w\" sizes=\"(min-width: 0px) and (max-width: 480px) 480px, (min-width: 481px) and (max-width: 980px) 980px, (min-width: 981px) 1024px, 100vw\" \/><\/a><figcaption class=\"wp-element-caption\">On the booking page, you can find an easy-to-use booking calendar where you can rent the sauna.<\/figcaption><\/figure>\n\n\n\n<p>This website you are on right now, Havusauna.com, offers easy self-service trailer sauna rental! Click on the reservation link in the top bar, and you can use the reservation calendar to rent our sauna for yourself!<\/p>\n\n\n\n<p>You can pay for the reservation via Klarna directly on the website, after which you will receive an email with instructions for picking up the sauna. The reservation does not need confirmation, in contrast to online rentals in general. When the reservation starts, you can just pick up the sauna! Couldn&#039;t be much easier.<\/p>\n\n\n\n<div class=\"wp-block-buttons is-layout-flex wp-block-buttons-is-layout-flex\">\n<div class=\"wp-block-button\"><a class=\"wp-block-button__link wp-element-button\" href=\"https:\/\/havusauna.com\/en\/product\/havusaunan-vuokraus\/\">To the reservation page<\/a><\/div>\n<\/div>\n\n\n\n<div style=\"height:100px\" aria-hidden=\"true\" class=\"wp-block-spacer\"><\/div>\n\n\n\n<h2 class=\"wp-block-heading\">Contact information if there are problems due to the closure of the Nettivuokras service<\/h2>\n\n\n\n<p>In the email sent to landlords on June 21, 2023, Alma Media advises how to contact customer service if you have problems due to the closure of the Nettivuokrus service:<\/p>\n\n\n\n<blockquote class=\"wp-block-quote is-layout-flow wp-block-quote-is-layout-flow\">\n<p>&#8221;Mik\u00e4li kaipaatte lis\u00e4tietoa sivuston lakkauttamisesta tai ilmoituksen siirrosta korvaavaan palveluumme, asiakaspalvelumme auttaa teit\u00e4 askarruttavissa kysymyksiss\u00e4: <\/p>\n\n\n\n<p>-If your matter concerns the cottage declaration, please contact: <strong>asiakaspalvelu@nettimokki.com<\/strong> <\/p>\n\n\n\n<p>-If your matter concerns other than cottage announcements, please contact: <strong>asiakaspalvelu@almaajo.fi<\/strong>&#8221;<\/p>\n\n\n\n<div style=\"height:50px\" aria-hidden=\"true\" class=\"wp-block-spacer\"><\/div>\n<\/blockquote>\n\n\n\n<h2 class=\"wp-block-heading\">Questions about renting a Havusauna?<\/h2>\n\n\n\n<p>You can contact us if you have any questions about renting a Havusauna trailer sauna. If your matter concerns the Nettivukroos service, contact Alma Media!<\/p>\n\n\n\n<p>See our contact information in the bottom bar!<\/p>\n\n\n\n<div style=\"height:100px\" aria-hidden=\"true\" class=\"wp-block-spacer\"><\/div>","protected":false},"excerpt":{"rendered":"<p>Suomalaisten suosittu vertaisvuokrauspalvelu Nettivuokraus.com suljetaan uusilta vuokrauksilta 26.6.2023. Palvelussa on vuokrattu muun muassa venetrailereita, paljuja, asuntoautoja ja per\u00e4k\u00e4rrysaunoja. Alma Media, joka omistaa palvelun, ei ole kertonut miksi sivusto suljetaan. Aiemmin kev\u00e4\u00e4ll\u00e4 he olivat kertoneet, ett\u00e4 Nettivuokraus suljettaisiin kes\u00e4kuun alkuun menness\u00e4, mutta palvelun yll\u00e4pitoa jatkettiin ja uusi sulkemisp\u00e4iv\u00e4 onkin maanantaina 26.6.2023. Alma Media on kertonut ett\u00e4 [&hellip;]<\/p>\n","protected":false},"author":2,"featured_media":687,"parent":0,"menu_order":0,"comment_status":"closed","ping_status":"closed","template":"","meta":{"_et_pb_use_builder":"","_et_pb_old_content":"","_et_gb_content_width":"1080","footnotes":""},"class_list":["post-795","page","type-page","status-publish","has-post-thumbnail","hentry"],"_links":{"self":[{"href":"https:\/\/havusauna.com\/en\/wp-json\/wp\/v2\/pages\/795","targetHints":{"allow":["GET"]}}],"collection":[{"href":"https:\/\/havusauna.com\/en\/wp-json\/wp\/v2\/pages"}],"about":[{"href":"https:\/\/havusauna.com\/en\/wp-json\/wp\/v2\/types\/page"}],"author":[{"embeddable":true,"href":"https:\/\/havusauna.com\/en\/wp-json\/wp\/v2\/users\/2"}],"replies":[{"embeddable":true,"href":"https:\/\/havusauna.com\/en\/wp-json\/wp\/v2\/comments?post=795"}],"version-history":[{"count":5,"href":"https:\/\/havusauna.com\/en\/wp-json\/wp\/v2\/pages\/795\/revisions"}],"predecessor-version":[{"id":814,"href":"https:\/\/havusauna.com\/en\/wp-json\/wp\/v2\/pages\/795\/revisions\/814"}],"wp:featuredmedia":[{"embeddable":true,"href":"https:\/\/havusauna.com\/en\/wp-json\/wp\/v2\/media\/687"}],"wp:attachment":[{"href":"https:\/\/havusauna.com\/en\/wp-json\/wp\/v2\/media?parent=795"}],"curies":[{"name":"wp","href":"https:\/\/api.w.org\/{rel}","templated":true}]}}