{"id":315,"date":"2021-05-29T17:13:08","date_gmt":"2021-05-29T14:13:08","guid":{"rendered":"https:\/\/havusauna.com\/?post_type=product&#038;p=315"},"modified":"2026-03-04T20:58:56","modified_gmt":"2026-03-04T18:58:56","slug":"havusaunan-vuokraus","status":"publish","type":"product","link":"https:\/\/havusauna.com\/en\/product\/havusaunan-vuokraus\/","title":{"rendered":"Havusaunan rental"},"content":{"rendered":"<p>[et_pb_section fb_built=&#8221;1&#8243; _builder_version=&#8221;4.16&#8243; custom_padding=&#8221;0px||||false|false&#8221; global_colors_info=&#8221;{}&#8221;][et_pb_row _builder_version=&#8221;4.16&#8243; background_size=&#8221;initial&#8221; background_position=&#8221;top_left&#8221; background_repeat=&#8221;repeat&#8221; width=&#8221;100%&#8221; custom_padding=&#8221;0px||0px||false|false&#8221; global_colors_info=&#8221;{}&#8221;][et_pb_column type=&#8221;4_4&#8243; _builder_version=&#8221;4.16&#8243; custom_padding=&#8221;|||&#8221; global_colors_info=&#8221;{}&#8221; custom_padding__hover=&#8221;|||&#8221;][et_pb_wc_cart_notice _builder_version=&#8221;4.16&#8243; global_colors_info=&#8221;{}&#8221;][\/et_pb_wc_cart_notice][\/et_pb_column][\/et_pb_row][et_pb_row column_structure=&#8221;1_2,1_2&#8243; _builder_version=&#8221;4.16&#8243; _module_preset=&#8221;default&#8221; width=&#8221;100%&#8221; global_colors_info=&#8221;{}&#8221;][et_pb_column type=&#8221;1_2&#8243; _builder_version=&#8221;4.16&#8243; _module_preset=&#8221;default&#8221; global_colors_info=&#8221;{}&#8221;][et_pb_text _builder_version=&#8221;4.16&#8243; _module_preset=&#8221;default&#8221; global_colors_info=&#8221;{}&#8221;]<\/p>\n<h1>Vuokraa per\u00e4k\u00e4rry\u00adsauna Oulussa<\/h1>\n<p>[\/et_pb_text][\/et_pb_column][et_pb_column type=&#8221;1_2&#8243; _builder_version=&#8221;4.16&#8243; _module_preset=&#8221;default&#8221; global_colors_info=&#8221;{}&#8221;][et_pb_text _builder_version=&#8221;4.16&#8243; _module_preset=&#8221;default&#8221; custom_margin=&#8221;||0px||false|false&#8221; custom_padding=&#8221;||||false|false&#8221; global_colors_info=&#8221;{}&#8221;]<\/p>\n<p>alkaen<\/p>\n<p>[\/et_pb_text][et_pb_wc_price _builder_version=&#8221;4.16&#8243; body_font_size=&#8221;36px&#8221; custom_padding=&#8221;||10px||false|false&#8221; global_colors_info=&#8221;{}&#8221;][\/et_pb_wc_price][\/et_pb_column][\/et_pb_row][et_pb_row column_structure=&#8221;1_2,1_2&#8243; _builder_version=&#8221;4.16&#8243; background_size=&#8221;initial&#8221; background_position=&#8221;top_left&#8221; background_repeat=&#8221;repeat&#8221; width=&#8221;100%&#8221; custom_padding=&#8221;0px||||false|false&#8221; global_colors_info=&#8221;{}&#8221;][et_pb_column type=&#8221;1_2&#8243; _builder_version=&#8221;4.16&#8243; custom_padding=&#8221;|||&#8221; global_colors_info=&#8221;{}&#8221; custom_padding__hover=&#8221;|||&#8221;][et_pb_wc_gallery _builder_version=&#8221;4.16&#8243; _module_preset=&#8221;default&#8221; global_colors_info=&#8221;{}&#8221;][\/et_pb_wc_gallery][\/et_pb_column][et_pb_column type=&#8221;1_2&#8243; _builder_version=&#8221;4.16&#8243; custom_padding=&#8221;|||&#8221; global_colors_info=&#8221;{}&#8221; custom_padding__hover=&#8221;|||&#8221;][et_pb_wc_add_to_cart _builder_version=&#8221;4.27.4&#8243; dropdown_menus_custom_margin=&#8221;||||false|false&#8221; custom_margin=&#8221;||45px||false|false&#8221; custom_css_free_form=&#8221;label { font-family: &#8217;DM Sans&#8217;,Helvetica,Arial,Lucida,sans-serif;||  font-weight: 300;||}||||booking_wrapper.label, booking_wrapper.p {||  font-size: .8rem;||}&#8221; global_colors_info=&#8221;{}&#8221;][\/et_pb_wc_add_to_cart][\/et_pb_column][\/et_pb_row][et_pb_row _builder_version=&#8221;4.16&#8243; _module_preset=&#8221;default&#8221; width=&#8221;100%&#8221; max_width=&#8221;800px&#8221; module_alignment=&#8221;center&#8221; global_colors_info=&#8221;{}&#8221;][et_pb_column type=&#8221;4_4&#8243; _builder_version=&#8221;4.16&#8243; _module_preset=&#8221;default&#8221; global_colors_info=&#8221;{}&#8221;][et_pb_text _builder_version=&#8221;4.25.1&#8243; _module_preset=&#8221;default&#8221; global_colors_info=&#8221;{}&#8221;]<\/p>\n<p><strong>Havusauna on ainutlaatuinen vuokrattava per\u00e4k\u00e4rrysauna Oulussa. Vuokraa sauna omaan k\u00e4ytt\u00f6\u00f6n ja nauti hyvist\u00e4 l\u00f6ylyist\u00e4!<\/strong><\/p>\n<h2>Havusaunan hinnoittelu<\/h2>\n<ul>\n<li>Perushinta 70\u20ac ensimm\u00e4inen vuorokausi<\/li>\n<li>Sen j\u00e4lkeen tuntipohjainen hinnoittelu<\/li>\n<li>Perjantaina ja lauantaina hieman korotettu hinta<\/li>\n<li><span style=\"font-size: 18px;\">Pyh\u00e4p\u00e4ivin\u00e4 (juhannus, joulu) voi olla korotettu hinta<\/span><\/li>\n<li>Tapahtuma \/ yli 10 henkil\u00f6\u00e4 +25\u20ac kertamaksu<\/li>\n<\/ul>\n<p>Pidemmiss\u00e4 vuokrauksissa <strong>alennusta yli 50%<\/strong> perushinnasta &#8211; valitse kalenterista haluamasi ajankohdat, niin n\u00e4et hinnat!<\/p>\n<h2>Miten sauna varataan<\/h2>\n<p>Varaussivu -&gt; ostoskori -&gt; kassasivu.<\/p>\n<p>Valitse t\u00e4ll\u00e4 varaussivulla olevasta varauskalenterista ensin noutop\u00e4iv\u00e4 ja aloitusaika, sitten palautusp\u00e4iv\u00e4 ja palautusaika. Jos p\u00e4iv\u00e4t tai tunnit ovat varauskalenterissa harmaana, saunak\u00e4rry on jo varattu silloin.<\/p>\n<p>Mik\u00e4li yrit\u00e4t varata saunaa useammaksi p\u00e4iv\u00e4ksi, voi tulla ilmoitus, ett\u00e4 tietty aika ei ole saatavilla. T\u00e4ll\u00f6in jonakin p\u00e4iv\u00e4n\u00e4 on jo p\u00e4iv\u00e4n sis\u00e4inen varaus, mik\u00e4 ei n\u00e4y p\u00e4iv\u00e4kohtaisessa kalenterissa. Tarkista jokaisen haluamasi p\u00e4iv\u00e4n tuntikohtainen n\u00e4kym\u00e4 erikseen, jolloin n\u00e4et my\u00f6s p\u00e4iv\u00e4n sis\u00e4iset varaukset.<\/p>\n<p>Jos aloitat varauksen tekemisen ja se j\u00e4\u00e4 kesken, ajankohdat voivat olla varattuna noin varttitunnin ajan. Lataa sivu uudestaan ja aloita varauksen tekeminen alusta.<\/p>\n<h3>Saunan nouto- ja palautusajat<\/h3>\n<p>Muutimme k\u00e4yt\u00e4nt\u00f6\u00e4 toukokuussa 2025. Voit nyt itse valita kalenterista haluamasi nouto- ja palautusajan tunnin tarkkuudella (06-24). Varaathan palautuksen ajankohdan riitt\u00e4v\u00e4n my\u00f6h\u00e4\u00e4n ja palautat saunak\u00e4rryn ajoissa, jotta mahdollinen seuraava vuokraaja ei joudu odottamaan sinua. Huomioithan, ett\u00e4 kalenteri lis\u00e4\u00e4 vuokrausten v\u00e4liin automaattisesti yhden tunnin varoajan.<\/p>\n<p>Suosittelemme varaamaan aikaa v\u00e4hint\u00e4\u00e4n 4-6h, vaikka tarkoitus olisi saunoa vain lyhyen matkan p\u00e4\u00e4ss\u00e4. Mik\u00e4li haluat saunoa my\u00f6h\u00e4\u00e4n illalla, esim. 21:00 alkaen, voit palauttaa saunak\u00e4rryn 00:00 sijaan 02:00 menness\u00e4 ilmoittamalla siit\u00e4 tekstiviestill\u00e4.<\/p>\n<h3>Maksutavat<\/h3>\n<p><strong>Google Pay \/ Apple Pay<\/strong> Uutuus! Voit nyt maksaa helposti ja nopeasti Google Pay:ll\u00e4 tai Apple Pay:ll\u00e4 suoraan ostoskori tai kassasivulta.<\/p>\n<p><strong>Korttimaksu<\/strong> Maksa luottokortilla tai debit-kortilla. Maksunv\u00e4litt\u00e4j\u00e4n\u00e4 toimii Stripe.<\/p>\n<p><strong>Lasku tai verkkolasku<\/strong> (yrityksille) onnistuu! Valitse kassasivulla maksutavaksi lasku. Verkkolaskun osoitteen, operaattorin nimen ja v\u00e4litt\u00e4j\u00e4n tunnuksen voit lis\u00e4t\u00e4 kassasivulla lis\u00e4tietoja kentt\u00e4\u00e4n. Voit my\u00f6s soittaa tai l\u00e4hett\u00e4\u00e4 s\u00e4hk\u00f6postia.<\/p>\n<p>Maksu vaatii <a href=\"https:\/\/havusauna.com\/vuokrasopimus\/\">vuokrausehtojen<\/a> hyv\u00e4ksymisen.<\/p>\n<p>[\/et_pb_text][et_pb_image src=&#8221;https:\/\/havusauna.com\/wp-content\/uploads\/2021\/05\/email-header-image-900px.jpg&#8221; title_text=&#8221;email-header-image-900px&#8221; _builder_version=&#8221;4.16&#8243; _module_preset=&#8221;default&#8221; global_colors_info=&#8221;{}&#8221;][\/et_pb_image][et_pb_text _builder_version=&#8221;4.16&#8243; _module_preset=&#8221;default&#8221; global_colors_info=&#8221;{}&#8221;]<\/p>\n<h2>Lis\u00e4tiedot per\u00e4k\u00e4rry&shy;saunasta<\/h2>\n<p>[\/et_pb_text][et_pb_text admin_label=&#8221;Text&#8221; _builder_version=&#8221;4.16&#8243; _module_preset=&#8221;default&#8221; global_colors_info=&#8221;{}&#8221;]<\/p>\n<p>Saunaan mahtuu mukavasti 4 henke\u00e4. Suuresta maisemaikkunasta kelpaa ihailla j\u00e4rvi- tai jokimaisemaa. Per\u00e4k\u00e4rrysaunassa on my\u00f6s pukuhuone.<\/p>\n<p>Saunassa voi pest\u00e4 kantovedell\u00e4. 40L l\u00e4mminvesis\u00e4ili\u00f6 takaa l\u00e4mmint\u00e4 pesuvett\u00e4 koko porukalle.<\/p>\n<p>Havusauna on omatoimisauna, eli omat polttopuut, laudeliinat, ja l\u00f6ylytuoksu mukaan! T\u00e4ydenn\u00e4 my\u00f6s vesi\u00e4mp\u00e4rit sopivassa paikassa. Yleisi\u00e4 varusteita, kuten kirves ja puukko, on saunassa valmiina ja niit\u00e4 voi vapaasti k\u00e4ytt\u00e4\u00e4.<\/p>\n<p>Kynttil\u00e4t eiv\u00e4t ole sallittuja saunassa, sill\u00e4 steariini helposti sotkee ja sit\u00e4 on haastava puhdistaa.<\/p>\n<p>Lue <a href=\"https:\/\/havusauna.com\/kayttoohjeet\/\">k\u00e4ytt\u00f6ohjeet<\/a> ennen vuokrauksen alkua! Muista siivota sek\u00e4 kuivattaa sauna huolellisesti saunomisen j\u00e4lkeen.<\/p>\n<p>[\/et_pb_text][\/et_pb_column][\/et_pb_row][et_pb_row _builder_version=&#8221;4.16&#8243; background_size=&#8221;initial&#8221; background_position=&#8221;top_left&#8221; background_repeat=&#8221;repeat&#8221; width=&#8221;100%&#8221; border_color_all=&#8221;#FFFFFF&#8221; global_colors_info=&#8221;{}&#8221;][et_pb_column type=&#8221;4_4&#8243; _builder_version=&#8221;4.16&#8243; custom_padding=&#8221;|||&#8221; global_colors_info=&#8221;{}&#8221; custom_padding__hover=&#8221;|||&#8221;][et_pb_text admin_label=&#8221;Text&#8221; _builder_version=&#8221;4.16&#8243; _module_preset=&#8221;default&#8221; global_colors_info=&#8221;{}&#8221;]<\/p>\n<h2>Saunan noutopiste<\/h2>\n<p>Sauna sijaitsee Oulussa, Pateniemess\u00e4. Maksettuasi saat s\u00e4hk\u00f6postissa tarkemmat ohjeet saunan noutamiseksi.<\/p>\n<p>[\/et_pb_text][et_pb_text admin_label=&#8221;Text&#8221; _builder_version=&#8221;4.25.1&#8243; _module_preset=&#8221;default&#8221; global_colors_info=&#8221;{}&#8221;]<iframe loading=\"lazy\" style=\"border: 0;\" src=\"https:\/\/www.google.com\/maps\/embed?pb=!1m18!1m12!1m3!1d1680.5458328714801!2d25.388472040342016!3d65.08908430792842!2m3!1f0!2f0!3f0!3m2!1i1024!2i768!4f13.1!3m3!1m2!1s0x46802c2d17571ac9%3A0x83c2ebb26322bbd5!2sVisseli%202%2C%2090800%20Oulu!5e0!3m2!1sfi!2sfi!4v1726515496144!5m2!1sfi!2sfi\" width=\"100%\" height=\"600\" allowfullscreen=\"allowfullscreen\"><\/iframe>[\/et_pb_text][\/et_pb_column][\/et_pb_row][\/et_pb_section]<\/p>\n","protected":false},"excerpt":{"rendered":"<p>Vuokraa per\u00e4k\u00e4rry\u00adsauna OulussaalkaenHavusauna on ainutlaatuinen vuokrattava per\u00e4k\u00e4rrysauna Oulussa. Vuokraa sauna omaan k\u00e4ytt\u00f6\u00f6n ja nauti hyvist\u00e4 l\u00f6ylyist\u00e4! Havusaunan hinnoittelu Perushinta 70\u20ac ensimm\u00e4inen vuorokausi Sen j\u00e4lkeen tuntipohjainen hinnoittelu Perjantaina ja lauantaina hieman korotettu hinta Pyh\u00e4p\u00e4ivin\u00e4 (juhannus, joulu) voi olla korotettu hinta Tapahtuma \/ yli 10 henkil\u00f6\u00e4 +25\u20ac kertamaksu Pidemmiss\u00e4 vuokrauksissa alennusta yli 50% perushinnasta &#8211; valitse kalenterista [&hellip;]<\/p>\n","protected":false},"featured_media":259,"template":"","meta":{"_et_pb_use_builder":"on","_et_pb_old_content":"","_et_gb_content_width":""},"product_brand":[],"product_cat":[24],"product_tag":[],"class_list":{"0":"post-315","1":"product","2":"type-product","3":"status-publish","4":"has-post-thumbnail","6":"product_cat-sauna-rental","8":"first","9":"instock","10":"virtual","11":"sold-individually","12":"purchasable","13":"product-type-phive_booking"},"_links":{"self":[{"href":"https:\/\/havusauna.com\/en\/wp-json\/wp\/v2\/product\/315","targetHints":{"allow":["GET"]}}],"collection":[{"href":"https:\/\/havusauna.com\/en\/wp-json\/wp\/v2\/product"}],"about":[{"href":"https:\/\/havusauna.com\/en\/wp-json\/wp\/v2\/types\/product"}],"wp:featuredmedia":[{"embeddable":true,"href":"https:\/\/havusauna.com\/en\/wp-json\/wp\/v2\/media\/259"}],"wp:attachment":[{"href":"https:\/\/havusauna.com\/en\/wp-json\/wp\/v2\/media?parent=315"}],"wp:term":[{"taxonomy":"product_brand","embeddable":true,"href":"https:\/\/havusauna.com\/en\/wp-json\/wp\/v2\/product_brand?post=315"},{"taxonomy":"product_cat","embeddable":true,"href":"https:\/\/havusauna.com\/en\/wp-json\/wp\/v2\/product_cat?post=315"},{"taxonomy":"product_tag","embeddable":true,"href":"https:\/\/havusauna.com\/en\/wp-json\/wp\/v2\/product_tag?post=315"}],"curies":[{"name":"wp","href":"https:\/\/api.w.org\/{rel}","templated":true}]}}